{"id":226647,"date":"2025-10-02T09:31:28","date_gmt":"2025-10-02T07:31:28","guid":{"rendered":"https:\/\/hotelcamposol.com\/?page_id=226647"},"modified":"2025-10-02T12:49:27","modified_gmt":"2025-10-02T10:49:27","slug":"habitacion-doble-interior-de-uso-individual","status":"publish","type":"page","link":"https:\/\/hotelcamposol.com\/en\/habitacion-doble-interior-de-uso-individual","title":{"rendered":"Habitaci\u00f3n doble interior de uso individual"},"content":{"rendered":"<p><div class=\"et_d4_element et_pb_section et_pb_section_0 et_animated et_pb_with_background  et_pb_css_mix_blend_mode et_section_regular et_block_section\" >\n\t\t\t\t\n\t\t\t\t\n\t\t\t\t\n\t\t\t\t\n\t\t\t\t\n\t\t\t\t\n\t\t\t\t<div class=\"et_d4_element et_pb_row et_pb_row_0  et_pb_css_mix_blend_mode et_block_row\">\n\t\t\t\t<div class=\"et_d4_element et_pb_column_4_4 et_pb_column et_pb_column_0  et_pb_css_mix_blend_mode et-last-child et_block_column\">\n\t\t\t\t\n\t\t\t\t\n\t\t\t\t\n\t\t\t\t\n\t\t\t\t<div class=\"et_pb_module et_d4_element et_pb_text et_pb_text_0  et_pb_text_align_left et_pb_text_align_center-tablet et_pb_bg_layout_light\">\n\t\t\t\t\n\t\t\t\t\n\t\t\t\t\n\t\t\t\t\n\t\t\t\t<div class=\"et_pb_text_inner\"><h1>Habitaci\u00f3n doble interior de uso individual<\/h1><\/div>\n\t\t\t<\/div><div class=\"et_pb_module et_d4_element et_pb_text et_pb_text_1  et_pb_text_align_left et_pb_text_align_center-tablet et_pb_bg_layout_light\">\n\t\t\t\t\n\t\t\t\t\n\t\t\t\t\n\t\t\t\t\n\t\t\t\t<div class=\"et_pb_text_inner\"><p>Para viajar acompa\u00f1ado<\/p><\/div>\n\t\t\t<\/div>\n\t\t\t<\/div>\n\t\t\t\t\n\t\t\t\t\n\t\t\t\t\n\t\t\t\t\n\t\t\t<\/div>\n\t\t\t\t\n\t\t\t\t\n\t\t\t<\/div><div class=\"et_d4_element et_pb_section et_pb_section_1  et_pb_css_mix_blend_mode et_section_regular et_block_section\" >\n\t\t\t\t\n\t\t\t\t\n\t\t\t\t\n\t\t\t\t\n\t\t\t\t\n\t\t\t\t\n\t\t\t\t<div class=\"et_d4_element et_pb_row et_pb_row_1 et_animated  et_pb_css_mix_blend_mode et_block_row\">\n\t\t\t\t<div class=\"et_d4_element et_pb_column_4_4 et_pb_column et_pb_column_1  et_pb_css_mix_blend_mode et-last-child et_block_column et_pb_column_empty\">\n\t\t\t\t\n\t\t\t\t\n\t\t\t\t\n\t\t\t\t\n\t\t\t\t\n\t\t\t<\/div>\n\t\t\t\t\n\t\t\t\t\n\t\t\t\t\n\t\t\t\t\n\t\t\t<\/div><div class=\"et_d4_element et_pb_row et_pb_row_2  et_pb_css_mix_blend_mode et_block_row\">\n\t\t\t\t<div class=\"et_d4_element et_pb_column_4_4 et_pb_column et_pb_column_2  et_pb_css_mix_blend_mode et-last-child et_block_column\">\n\t\t\t\t\n\t\t\t\t\n\t\t\t\t\n\t\t\t\t\n\t\t\t\t<div class=\"et_pb_module et_d4_element et_pb_text et_pb_text_2 et_animated  et_pb_text_align_left et_pb_bg_layout_light\">\n\t\t\t\t\n\t\t\t\t\n\t\t\t\t\n\t\t\t\t\n\t\t\t\t<div class=\"et_pb_text_inner\"><h1>Habitaci\u00f3n doble interior de uso individual<\/h1>\n<h2>Pregunte precios<\/h2>\n<p><span data-contrast=\"none\" xml:lang=\"ES-ES\" lang=\"ES-ES\" class=\"TextRun SCXW123866367 BCX8\"><span class=\"NormalTextRun SCXW123866367 BCX8\">Habitaci\u00f3n doble interior para las personas que viajan solas y buscan comodidad. Esta habitaci\u00f3n dispone de dos camas y una ventana con vistas a patio de luces. Los ba\u00f1os de las habitaciones tienen plato de ducha o ba\u00f1era.<\/span><\/span><span class=\"EOP SCXW123866367 BCX8\" data-ccp-props=\"{&quot;134233117&quot;:false,&quot;134233118&quot;:false,&quot;335557856&quot;:16777215,&quot;335559738&quot;:0,&quot;335559739&quot;:0}\">\u00a0<\/span><\/p>\n<p><span data-contrast=\"none\" xml:lang=\"ES-ES\" lang=\"ES-ES\" class=\"TextRun SCXW97450490 BCX8\"><span class=\"NormalTextRun SCXW97450490 BCX8\">Adem\u00e1s, todas nuestras habitaciones tienen aire acondicionado regulable con calor o fr\u00edo, televisi\u00f3n y Wifi gratuito.<\/span><\/span><span class=\"EOP SCXW97450490 BCX8\" data-ccp-props=\"{&quot;134233117&quot;:false,&quot;134233118&quot;:false,&quot;335557856&quot;:16777215,&quot;335559738&quot;:0,&quot;335559739&quot;:0}\">\u00a0<\/span><\/p>\n<p><span data-contrast=\"none\" xml:lang=\"ES-ES\" lang=\"ES-ES\" class=\"TextRun SCXW53405866 BCX8\"><span class=\"NormalTextRun SCXW53405866 BCX8\">El <\/span><span class=\"NormalTextRun SpellingErrorV2Themed SCXW53405866 BCX8\">check<\/span><span class=\"NormalTextRun SCXW53405866 BCX8\">-in de podr\u00e1 realizar a partir de las 12:00h mientras que el <\/span><span class=\"NormalTextRun SpellingErrorV2Themed SCXW53405866 BCX8\">check-out<\/span><span class=\"NormalTextRun SCXW53405866 BCX8\"> tendr\u00e1 c\u00f3mo hora l\u00edmite las 11:30.<\/span><\/span><span class=\"EOP SCXW53405866 BCX8\" data-ccp-props=\"{&quot;134233117&quot;:false,&quot;134233118&quot;:false,&quot;335557856&quot;:16777215,&quot;335559738&quot;:0,&quot;335559739&quot;:0}\">\u00a0<\/span><\/p><\/div>\n\t\t\t<\/div>\n\t\t\t<\/div>\n\t\t\t\t\n\t\t\t\t\n\t\t\t\t\n\t\t\t\t\n\t\t\t<\/div>\n\t\t\t\t\n\t\t\t\t\n\t\t\t<\/div><div class=\"et_d4_element et_pb_section et_pb_section_2  et_pb_css_mix_blend_mode et_section_regular et_block_section\" >\n\t\t\t\t\n\t\t\t\t\n\t\t\t\t\n\t\t\t\t\n\t\t\t\t\n\t\t\t\t\n\t\t\t\t<div class=\"et_d4_element et_pb_row et_pb_row_3  et_pb_css_mix_blend_mode et_block_row\">\n\t\t\t\t<div class=\"et_d4_element et_pb_column_4_4 et_pb_column et_pb_column_3  et_pb_css_mix_blend_mode et-last-child et_block_column\">\n\t\t\t\t\n\t\t\t\t\n\t\t\t\t\n\t\t\t\t\n\t\t\t\t<div class=\"et_pb_module et_d4_element et_pb_text et_pb_text_3 et_animated  et_pb_text_align_center et_pb_bg_layout_light\">\n\t\t\t\t\n\t\t\t\t\n\t\t\t\t\n\t\t\t\t\n\t\t\t\t<div class=\"et_pb_text_inner\"><p>Galer\u00eda<\/p><\/div>\n\t\t\t<\/div><div class=\"et_pb_module et_d4_element et_pb_code et_pb_code_0 et_animated\">\n\t\t\t\t\n\t\t\t\t\n\t\t\t\t\n\t\t\t\t\n\t\t\t\t<div class=\"et_pb_code_inner\"><div  id=\"jtg-226711\" class=\"modula modula-gallery modula-custom-grid\" data-config=\"{&quot;height&quot;:800,&quot;tabletHeight&quot;:800,&quot;mobileHeight&quot;:800,&quot;desktopHeight&quot;:800,&quot;enableTwitter&quot;:false,&quot;enableWhatsapp&quot;:false,&quot;enableFacebook&quot;:false,&quot;enablePinterest&quot;:false,&quot;enableLinkedin&quot;:false,&quot;enableEmail&quot;:false,&quot;randomFactor&quot;:0.5,&quot;type&quot;:&quot;custom-grid&quot;,&quot;columns&quot;:12,&quot;gutter&quot;:10,&quot;mobileGutter&quot;:10,&quot;tabletGutter&quot;:10,&quot;desktopGutter&quot;:10,&quot;enableResponsive&quot;:&quot;0&quot;,&quot;tabletColumns&quot;:2,&quot;mobileColumns&quot;:1,&quot;lazyLoad&quot;:0,&quot;lightboxOpts&quot;:{&quot;animated&quot;:true,&quot;Thumbs&quot;:{&quot;type&quot;:&quot;modern&quot;,&quot;showOnStart&quot;:false},&quot;Toolbar&quot;:{&quot;display&quot;:{&quot;right&quot;:[&quot;close&quot;]},&quot;enabled&quot;:true},&quot;Carousel&quot;:{&quot;Panzoom&quot;:{&quot;touch&quot;:true},&quot;infinite&quot;:false},&quot;keyboard&quot;:{&quot;Escape&quot;:&quot;close&quot;,&quot;Delete&quot;:&quot;close&quot;,&quot;Backspace&quot;:&quot;close&quot;,&quot;PageUp&quot;:false,&quot;PageDown&quot;:false,&quot;ArrowUp&quot;:false,&quot;ArrowDown&quot;:false,&quot;ArrowRight&quot;:false,&quot;ArrowLeft&quot;:false},&quot;touch&quot;:false,&quot;backdropClick&quot;:false,&quot;l10n&quot;:{&quot;CLOSE&quot;:&quot;Close&quot;,&quot;NEXT&quot;:&quot;Next&quot;,&quot;PREV&quot;:&quot;Previous&quot;,&quot;Error&quot;:&quot;The requested content cannot be loaded. Please try again later.&quot;,&quot;PLAY_START&quot;:&quot;Start slideshow&quot;,&quot;PLAY_STOP&quot;:&quot;Pause slideshow&quot;,&quot;FULL_SCREEN&quot;:&quot;Full screen&quot;,&quot;THUMBS&quot;:&quot;Thumbnails&quot;,&quot;DOWNLOAD&quot;:&quot;Download&quot;,&quot;SHARE&quot;:&quot;Share&quot;,&quot;ZOOM&quot;:&quot;Zoom&quot;,&quot;EMAIL&quot;:&quot;Here is the link to the image : %%image_link%% and this is the link to the gallery : %%gallery_link%%&quot;,&quot;MODAL&quot;:&quot;You can close this modal content with the ESC key&quot;,&quot;ERROR&quot;:&quot;Something Went Wrong, Please Try Again Later&quot;,&quot;IMAGE_ERROR&quot;:&quot;Image Not Found&quot;,&quot;ELEMENT_NOT_FOUND&quot;:&quot;HTML Element Not Found&quot;,&quot;AJAX_NOT_FOUND&quot;:&quot;Error Loading AJAX : Not Found&quot;,&quot;AJAX_FORBIDDEN&quot;:&quot;Error Loading AJAX : Forbidden&quot;,&quot;IFRAME_ERROR&quot;:&quot;Error Loading Page&quot;,&quot;TOGGLE_ZOOM&quot;:&quot;Toggle zoom level&quot;,&quot;TOGGLE_THUMBS&quot;:&quot;Toggle thumbnails&quot;,&quot;TOGGLE_SLIDESHOW&quot;:&quot;Toggle slideshow&quot;,&quot;TOGGLE_FULLSCREEN&quot;:&quot;Toggle full-screen mode&quot;},&quot;Images&quot;:{&quot;Panzoom&quot;:{&quot;maxScale&quot;:2}},&quot;mainClass&quot;:&quot;modula-fancybox-container modula-lightbox-jtg-226711&quot;,&quot;Html&quot;:{&quot;videoAutoplay&quot;:0,&quot;videoTpl&quot;:&quot;&lt;video class=\\&quot;fancybox__html5video\\&quot; controls muted playsinline controlsList controlsList=\\&quot;nodownload\\&quot; poster=\\&quot;{{poster}}\\&quot; src=\\&quot;{{src}}\\&quot; type=\\&quot;{{format}}\\&quot; &gt;  Sorry, your browser doesn&#039;t support embedded videos, &lt;a href=\\&quot;{{src}}\\&quot;&gt; download &lt;\\\/a&gt; and watch with your favorite video player! &lt;\\\/video&gt;&quot;}},&quot;inView&quot;:false,&quot;email_subject&quot;:&quot;Check out this awesome image !!&quot;,&quot;email_message&quot;:&quot;Here is the link to the image : %%image_link%% and this is the link to the gallery : %%gallery_link%%&quot;,&quot;lightbox&quot;:&quot;fancybox&quot;}\">\n\n\t\n\t<div  class=\"modula-items\">\n\t\t<div class=\"modula-item effect-pufrobo\" data-width=\"6\" data-height=\"6\" >\n\t<div class=\"modula-item-overlay\"><\/div>\n\n\t<div class=\"modula-item-content\">\n\n\t\t<a data-image-id=\"226656\" role=\"button\" tabindex=\"0\" rel=\"jtg-226711\" data-caption=\"\" aria-label=\"Open image in lightbox\" class=\"tile-inner modula-item-link\"><\/a><img loading=\"lazy\" decoding=\"async\" class=\"pic wp-image-226656\"  data-valign=\"middle\" data-halign=\"center\" alt=\"\" data-full=\"https:\/\/hotelcamposol.com\/wp-content\/uploads\/2025\/10\/DOBLE-INTERIOR_2-1920x2560-1.jpg\" title=\"DOBLE INTERIOR_2-1920x2560\" crop=\"\" width=\"768\" height=\"1024\" src=\"https:\/\/hotelcamposol.com\/wp-content\/uploads\/2025\/10\/DOBLE-INTERIOR_2-1920x2560-1-768x1024.jpg\" data-src=\"https:\/\/hotelcamposol.com\/wp-content\/uploads\/2025\/10\/DOBLE-INTERIOR_2-1920x2560-1-768x1024.jpg\" data-caption=\"\"\/>\n\t\t<div class=\"figc no-description\">\n\t\t\t<div class=\"figc-inner\">\n\t\t\t\t\t\t\t\t\t\t\t\t\t\t\t<\/div>\n\t\t<\/div>\n\n\t<\/div>\n\n<\/div><div class=\"modula-item effect-pufrobo\" data-width=\"6\" data-height=\"6\" >\n\t<div class=\"modula-item-overlay\"><\/div>\n\n\t<div class=\"modula-item-content\">\n\n\t\t<a data-image-id=\"226655\" role=\"button\" tabindex=\"0\" rel=\"jtg-226711\" data-caption=\"\" aria-label=\"Open image in lightbox\" class=\"tile-inner modula-item-link\"><\/a><img loading=\"lazy\" decoding=\"async\" class=\"pic wp-image-226655\"  data-valign=\"middle\" data-halign=\"center\" alt=\"\" data-full=\"https:\/\/hotelcamposol.com\/wp-content\/uploads\/2025\/10\/DOBLE-INTERIOR-1920x2560-1.jpeg\" title=\"DOBLE INTERIOR-1920x2560\" crop=\"\" width=\"768\" height=\"1024\" src=\"https:\/\/hotelcamposol.com\/wp-content\/uploads\/2025\/10\/DOBLE-INTERIOR-1920x2560-1-768x1024.jpeg\" data-src=\"https:\/\/hotelcamposol.com\/wp-content\/uploads\/2025\/10\/DOBLE-INTERIOR-1920x2560-1-768x1024.jpeg\" data-caption=\"\"\/>\n\t\t<div class=\"figc no-description\">\n\t\t\t<div class=\"figc-inner\">\n\t\t\t\t\t\t\t\t\t\t\t\t\t\t\t<\/div>\n\t\t<\/div>\n\n\t<\/div>\n\n<\/div>\t\t\n\t<\/div>\n\n\t\n\t\n\t<script type=\"application\/ld+json\">\n\t{\n\t\t\"@context\": \"http:\/\/schema.org\",\n\t\t\"@type\"   : \"ImageGallery\",\n\t\t\"id\"      : \"https:\/\/hotelcamposol.com\/en\/wp-json\/wp\/v2\/pages\/226647\/\",\n\t\t\"url\"     : \"https:\/\/hotelcamposol.com\/en\/wp-json\/wp\/v2\/pages\/226647\/\"\n\t}\n\n\t<\/script>\n\n\t\n<\/div>\n<\/div>\n\t\t\t<\/div>\n\t\t\t<\/div>\n\t\t\t\t\n\t\t\t\t\n\t\t\t\t\n\t\t\t\t\n\t\t\t<\/div><div class=\"et_d4_element et_pb_row et_pb_row_4 et_animated  et_pb_css_mix_blend_mode et_block_row\">\n\t\t\t\t<div class=\"et_d4_element et_pb_column_1_2 et_pb_column et_pb_column_4  et_pb_css_mix_blend_mode et_block_column\">\n\t\t\t\t\n\t\t\t\t\n\t\t\t\t\n\t\t\t\t\n\t\t\t\t<div class=\"et_pb_button_module_wrapper et_pb_button_0_wrapper et_pb_button_alignment_center et_pb_module \">\n\t\t\t\t<a class=\"et_pb_button et_d4_element et_pb_button_0 boton-color copy-phone et_animated et_pb_bg_layout_light et_block_module\" href=\"\" data-icon=\"\ue00b\" data-et-multi-view=\"{&quot;schema&quot;:{&quot;content&quot;:{&quot;desktop&quot;:&quot;tel: 965851890&quot;,&quot;tablet&quot;:&quot;Tel\\u00e9fono&quot;},&quot;target&quot;:&quot;&quot;,&quot;hover_selector&quot;:&quot;.et_pb_button_0.et_pb_button&quot;},&quot;slug&quot;:&quot;et_pb_button&quot;}\" data-et-multi-view-load-tablet-hidden=\"true\">tel: 965851890<\/a>\n\t\t\t<\/div><div class=\"et_pb_button_module_wrapper et_pb_button_1_wrapper et_pb_button_alignment_center et_pb_module \">\n\t\t\t\t<a class=\"et_pb_button et_d4_element et_pb_button_1 boton-color et_animated et_pb_bg_layout_light et_block_module\" href=\"tel:965851890\" target=\"_blank\" data-icon=\"\ue00b\" data-et-multi-view=\"{&quot;schema&quot;:{&quot;content&quot;:{&quot;desktop&quot;:&quot;965851890&quot;,&quot;tablet&quot;:&quot;Tel\\u00e9fono&quot;},&quot;target&quot;:&quot;&quot;,&quot;hover_selector&quot;:&quot;.et_pb_button_1.et_pb_button&quot;},&quot;slug&quot;:&quot;et_pb_button&quot;}\" data-et-multi-view-load-tablet-hidden=\"true\">965851890<\/a>\n\t\t\t<\/div>\n\t\t\t<\/div><div class=\"et_d4_element et_pb_column_1_2 et_pb_column et_pb_column_5  et_pb_css_mix_blend_mode et-last-child et_block_column\">\n\t\t\t\t\n\t\t\t\t\n\t\t\t\t\n\t\t\t\t\n\t\t\t\t<div class=\"et_pb_button_module_wrapper et_pb_button_2_wrapper et_pb_button_alignment_center et_pb_module \">\n\t\t\t\t<a class=\"et_pb_button et_d4_element et_pb_button_2 boton-color et_animated et_pb_bg_layout_light et_block_module\" href=\"mailto:reservas@hotelcamposol.com\" target=\"_blank\" data-icon=\"\ue010\" data-et-multi-view=\"{&quot;schema&quot;:{&quot;content&quot;:{&quot;desktop&quot;:&quot;Contactar v\\u00eda email&quot;,&quot;tablet&quot;:&quot;Email&quot;},&quot;target&quot;:&quot;&quot;,&quot;hover_selector&quot;:&quot;.et_pb_button_2.et_pb_button&quot;},&quot;slug&quot;:&quot;et_pb_button&quot;}\" data-et-multi-view-load-tablet-hidden=\"true\">Contactar v\u00eda email<\/a>\n\t\t\t<\/div>\n\t\t\t<\/div>\n\t\t\t\t\n\t\t\t\t\n\t\t\t\t\n\t\t\t\t\n\t\t\t<\/div>\n\t\t\t\t\n\t\t\t\t\n\t\t\t<\/div><div class=\"et_d4_element et_pb_section et_pb_section_4 et_animated et_pb_with_background  et_pb_css_mix_blend_mode et_section_regular et_block_section\" >\n\t\t\t\t\n\t\t\t\t\n\t\t\t\t\n\t\t\t\t\n\t\t\t\t\n\t\t\t\t\n\t\t\t\t<div class=\"et_d4_element et_pb_row et_pb_row_5 et_animated et_pb_gutters1  et_pb_css_mix_blend_mode et_block_row\">\n\t\t\t\t<div class=\"et_d4_element et_pb_column_1_4 et_pb_column et_pb_column_6  et_pb_css_mix_blend_mode et_block_column\">\n\t\t\t\t\n\t\t\t\t\n\t\t\t\t\n\t\t\t\t\n\t\t\t\t<div class=\"et_pb_module et_d4_element et_pb_icon et_pb_icon_0\">\n\t\t\t\t<span class=\"et_pb_icon_wrap \"><span class=\"et-pb-icon\">\uf0e0<\/span><\/span>\n\t\t\t<\/div>\n\t\t\t<\/div><div class=\"et_d4_element et_pb_column_1_4 et_pb_column et_pb_column_7  et_pb_css_mix_blend_mode et_block_column\">\n\t\t\t\t\n\t\t\t\t\n\t\t\t\t\n\t\t\t\t\n\t\t\t\t<div class=\"et_pb_module et_d4_element et_pb_text et_pb_text_4  et_pb_text_align_left et_pb_bg_layout_light\">\n\t\t\t\t\n\t\t\t\t\n\t\t\t\t\n\t\t\t\t\n\t\t\t\t<div class=\"et_pb_text_inner\" data-et-multi-view=\"{&quot;schema&quot;:{&quot;content&quot;:{&quot;desktop&quot;:&quot;&lt;h1 style=\\&quot;text-align: left;\\&quot;&gt;Cons\\u00faltanos lo que necesites&lt;\\\/h1&gt;&quot;,&quot;phone&quot;:&quot;&lt;h1 style=\\&quot;text-align: center;\\&quot;&gt;Cons\\u00faltanos lo que necesites&lt;\\\/h1&gt;&quot;},&quot;target&quot;:&quot;&quot;,&quot;hover_selector&quot;:&quot;&quot;},&quot;slug&quot;:&quot;et_pb_text&quot;}\" data-et-multi-view-load-phone-hidden=\"true\"><h1 style=\"text-align: left;\">Cons\u00faltanos lo que necesites<\/h1><\/div>\n\t\t\t<\/div>\n\t\t\t<\/div><div class=\"et_d4_element et_pb_column_1_2 et_pb_column et_pb_column_8  et_pb_css_mix_blend_mode et-last-child et_block_column\">\n\t\t\t\t\n\t\t\t\t\n\t\t\t\t\n\t\t\t\t\n\t\t\t\t\n\t\t\t<div id=\"et_pb_contact_form_0\" class=\"et_pb_module et_d4_element et_pb_contact_form_0 et_pb_recaptcha_enabled et_pb_contact_form_container clearfix et_block_module\" data-form_unique_num=\"0\" data-form_unique_id=\"9be9775a-c8eb-4d43-99cd-d8268cd24048\">\n\t\t\t\t\n\t\t\t\t\n\t\t\t\t\n\t\t\t\t\n\t\t\t\t\n\t\t\t\t<div class=\"et-pb-contact-message\"><\/div>\n\t\t\t\t\n\t\t\t\t<div class=\"et_pb_contact\">\n\t\t\t\t\t<form class=\"et_pb_contact_form clearfix\" method=\"post\" action=\"https:\/\/hotelcamposol.com\/en\/wp-json\/wp\/v2\/pages\/226647\">\n\t\t\t\t\t\t<p class=\"et_pb_with_border et_d4_element et_pb_contact_field et_pb_contact_field_0  et_pb_text_align_left et_pb_contact_field_last\" data-id=\"email\" data-type=\"email\">\n\t\t\t\t\n\t\t\t\t\n\t\t\t\t\n\t\t\t\t\n\t\t\t\t<label for=\"et_pb_contact_email_0\" class=\"et_pb_contact_form_label\">Direcci\u00f3n de correo electr\u00f3nico<\/label>\n\t\t\t\t<input type=\"text\" id=\"et_pb_contact_email_0\" class=\"input\" value=\"\" name=\"et_pb_contact_email_0\" data-required_mark=\"required\" data-field_type=\"email\" data-original_id=\"email\" placeholder=\"Direcci\u00f3n de correo electr\u00f3nico\">\n\t\t\t<\/p><p class=\"et_pb_with_border et_d4_element et_pb_contact_field et_pb_contact_field_1  et_pb_text_align_left et_pb_contact_field_last\" data-id=\"message\" data-type=\"text\">\n\t\t\t\t\n\t\t\t\t\n\t\t\t\t\n\t\t\t\t\n\t\t\t\t<label for=\"et_pb_contact_message_0\" class=\"et_pb_contact_form_label\">Mensaje<\/label>\n\t\t\t\t<textarea name=\"et_pb_contact_message_0\" id=\"et_pb_contact_message_0\" class=\"et_pb_contact_message input\" data-required_mark=\"required\" data-field_type=\"text\" data-original_id=\"message\" placeholder=\"Mensaje\"><\/textarea>\n\t\t\t<\/p>\n\t\t\t\t\t\t<input type=\"hidden\" value=\"et_contact_proccess\" name=\"et_pb_contactform_submit_0\"\/>\n\t\t\t\t\t\t<div class=\"et_contact_bottom_container\">\n\t\t\t\t\t\t\t\n\t\t\t\t\t\t\t<button type=\"submit\" name=\"et_builder_submit_button\" class=\"et_pb_contact_submit et_pb_button\">ENVIAR<\/button>\n\t\t\t\t\t\t<\/div>\n\t\t\t\t\t\t<input type=\"hidden\" id=\"_wpnonce-et-pb-contact-form-submitted-0\" name=\"_wpnonce-et-pb-contact-form-submitted-0\" value=\"5e68adc1d9\" \/><input type=\"hidden\" name=\"_wp_http_referer\" value=\"\/en\/wp-json\/wp\/v2\/pages\/226647\" \/>\n\t\t\t\t\t<\/form>\n\t\t\t\t<\/div>\n\t\t\t<\/div>\n\t\t\t\n\t\t\t<\/div>\n\t\t\t\t\n\t\t\t\t\n\t\t\t\t\n\t\t\t\t\n\t\t\t<\/div>\n\t\t\t\t\n\t\t\t\t\n\t\t\t<\/div><\/p>\n","protected":false},"excerpt":{"rendered":"","protected":false},"author":1,"featured_media":0,"parent":0,"menu_order":0,"comment_status":"closed","ping_status":"closed","template":"","meta":{"inline_featured_image":false,"_et_pb_use_builder":"on","_et_pb_old_content":"","_et_gb_content_width":"","footnotes":""},"class_list":["post-226647","page","type-page","status-publish","hentry"],"yoast_head":"<!-- This site is optimized with the Yoast SEO plugin v27.3 - https:\/\/yoast.com\/product\/yoast-seo-wordpress\/ -->\r\n<title>Habitaci\u00f3n doble interior de uso individual | Hotel Camposol<\/title>\r\n<meta name=\"description\" content=\"Hotel Camposol\" \/>\r\n<meta name=\"robots\" content=\"index, follow, max-snippet:-1, max-image-preview:large, max-video-preview:-1\" \/>\r\n<link rel=\"canonical\" href=\"https:\/\/hotelcamposol.com\/en\/habitacion-doble-interior-de-uso-individual\/\" \/>\r\n<meta property=\"og:locale\" content=\"en_GB\" \/>\r\n<meta property=\"og:type\" content=\"article\" \/>\r\n<meta property=\"og:title\" content=\"Habitaci\u00f3n doble interior de uso individual | Hotel Camposol\" \/>\r\n<meta property=\"og:description\" content=\"Hotel Camposol\" \/>\r\n<meta property=\"og:url\" content=\"https:\/\/hotelcamposol.com\/en\/habitacion-doble-interior-de-uso-individual\/\" \/>\r\n<meta property=\"og:site_name\" content=\"Hotel Camposol\" \/>\r\n<meta property=\"article:modified_time\" content=\"2025-10-02T10:49:27+00:00\" \/>\r\n<meta property=\"og:image\" content=\"https:\/\/hotelcamposol.com\/wp-content\/uploads\/2022\/03\/logo-camposol.png\" \/>\r\n\t<meta property=\"og:image:width\" content=\"458\" \/>\r\n\t<meta property=\"og:image:height\" content=\"200\" \/>\r\n\t<meta property=\"og:image:type\" content=\"image\/png\" \/>\r\n<meta name=\"twitter:card\" content=\"summary_large_image\" \/>\r\n<script type=\"application\/ld+json\" class=\"yoast-schema-graph\">{\"@context\":\"https:\\\/\\\/schema.org\",\"@graph\":[{\"@type\":\"WebPage\",\"@id\":\"https:\\\/\\\/hotelcamposol.com\\\/habitacion-doble-interior-de-uso-individual\",\"url\":\"https:\\\/\\\/hotelcamposol.com\\\/habitacion-doble-interior-de-uso-individual\",\"name\":\"Habitaci\u00f3n doble interior de uso individual | Hotel Camposol\",\"isPartOf\":{\"@id\":\"https:\\\/\\\/hotelcamposol.com\\\/#website\"},\"datePublished\":\"2025-10-02T07:31:28+00:00\",\"dateModified\":\"2025-10-02T10:49:27+00:00\",\"description\":\"Hotel Camposol\",\"breadcrumb\":{\"@id\":\"https:\\\/\\\/hotelcamposol.com\\\/habitacion-doble-interior-de-uso-individual#breadcrumb\"},\"inLanguage\":\"en-GB\",\"potentialAction\":[{\"@type\":\"ReadAction\",\"target\":[\"https:\\\/\\\/hotelcamposol.com\\\/habitacion-doble-interior-de-uso-individual\"]}]},{\"@type\":\"BreadcrumbList\",\"@id\":\"https:\\\/\\\/hotelcamposol.com\\\/habitacion-doble-interior-de-uso-individual#breadcrumb\",\"itemListElement\":[{\"@type\":\"ListItem\",\"position\":1,\"name\":\"Portada\",\"item\":\"https:\\\/\\\/hotelcamposol.com\\\/\"},{\"@type\":\"ListItem\",\"position\":2,\"name\":\"Habitaci\u00f3n doble interior de uso individual\"}]},{\"@type\":\"WebSite\",\"@id\":\"https:\\\/\\\/hotelcamposol.com\\\/#website\",\"url\":\"https:\\\/\\\/hotelcamposol.com\\\/\",\"name\":\"Hotel Camposol\",\"description\":\"Sol y playa en Benidorm\",\"publisher\":{\"@id\":\"https:\\\/\\\/hotelcamposol.com\\\/#organization\"},\"potentialAction\":[{\"@type\":\"SearchAction\",\"target\":{\"@type\":\"EntryPoint\",\"urlTemplate\":\"https:\\\/\\\/hotelcamposol.com\\\/?s={search_term_string}\"},\"query-input\":{\"@type\":\"PropertyValueSpecification\",\"valueRequired\":true,\"valueName\":\"search_term_string\"}}],\"inLanguage\":\"en-GB\"},{\"@type\":\"Organization\",\"@id\":\"https:\\\/\\\/hotelcamposol.com\\\/#organization\",\"name\":\"Hotel Camposol\",\"url\":\"https:\\\/\\\/hotelcamposol.com\\\/\",\"logo\":{\"@type\":\"ImageObject\",\"inLanguage\":\"en-GB\",\"@id\":\"https:\\\/\\\/hotelcamposol.com\\\/#\\\/schema\\\/logo\\\/image\\\/\",\"url\":\"http:\\\/\\\/hotelcamposol.com\\\/wp-content\\\/uploads\\\/2022\\\/03\\\/logo-camposol.png\",\"contentUrl\":\"http:\\\/\\\/hotelcamposol.com\\\/wp-content\\\/uploads\\\/2022\\\/03\\\/logo-camposol.png\",\"width\":458,\"height\":200,\"caption\":\"Hotel Camposol\"},\"image\":{\"@id\":\"https:\\\/\\\/hotelcamposol.com\\\/#\\\/schema\\\/logo\\\/image\\\/\"}}]}<\/script>\r\n<!-- \/ Yoast SEO plugin. -->","yoast_head_json":{"title":"Habitaci\u00f3n doble interior de uso individual | Hotel Camposol","description":"Hotel Camposol","robots":{"index":"index","follow":"follow","max-snippet":"max-snippet:-1","max-image-preview":"max-image-preview:large","max-video-preview":"max-video-preview:-1"},"canonical":"https:\/\/hotelcamposol.com\/en\/habitacion-doble-interior-de-uso-individual\/","og_locale":"en_GB","og_type":"article","og_title":"Habitaci\u00f3n doble interior de uso individual | Hotel Camposol","og_description":"Hotel Camposol","og_url":"https:\/\/hotelcamposol.com\/en\/habitacion-doble-interior-de-uso-individual\/","og_site_name":"Hotel Camposol","article_modified_time":"2025-10-02T10:49:27+00:00","og_image":[{"width":458,"height":200,"url":"https:\/\/hotelcamposol.com\/wp-content\/uploads\/2022\/03\/logo-camposol.png","type":"image\/png"}],"twitter_card":"summary_large_image","schema":{"@context":"https:\/\/schema.org","@graph":[{"@type":"WebPage","@id":"https:\/\/hotelcamposol.com\/habitacion-doble-interior-de-uso-individual","url":"https:\/\/hotelcamposol.com\/habitacion-doble-interior-de-uso-individual","name":"Habitaci\u00f3n doble interior de uso individual | Hotel Camposol","isPartOf":{"@id":"https:\/\/hotelcamposol.com\/#website"},"datePublished":"2025-10-02T07:31:28+00:00","dateModified":"2025-10-02T10:49:27+00:00","description":"Hotel Camposol","breadcrumb":{"@id":"https:\/\/hotelcamposol.com\/habitacion-doble-interior-de-uso-individual#breadcrumb"},"inLanguage":"en-GB","potentialAction":[{"@type":"ReadAction","target":["https:\/\/hotelcamposol.com\/habitacion-doble-interior-de-uso-individual"]}]},{"@type":"BreadcrumbList","@id":"https:\/\/hotelcamposol.com\/habitacion-doble-interior-de-uso-individual#breadcrumb","itemListElement":[{"@type":"ListItem","position":1,"name":"Portada","item":"https:\/\/hotelcamposol.com\/"},{"@type":"ListItem","position":2,"name":"Habitaci\u00f3n doble interior de uso individual"}]},{"@type":"WebSite","@id":"https:\/\/hotelcamposol.com\/#website","url":"https:\/\/hotelcamposol.com\/","name":"Hotel Camposol","description":"Sol y playa en Benidorm","publisher":{"@id":"https:\/\/hotelcamposol.com\/#organization"},"potentialAction":[{"@type":"SearchAction","target":{"@type":"EntryPoint","urlTemplate":"https:\/\/hotelcamposol.com\/?s={search_term_string}"},"query-input":{"@type":"PropertyValueSpecification","valueRequired":true,"valueName":"search_term_string"}}],"inLanguage":"en-GB"},{"@type":"Organization","@id":"https:\/\/hotelcamposol.com\/#organization","name":"Hotel Camposol","url":"https:\/\/hotelcamposol.com\/","logo":{"@type":"ImageObject","inLanguage":"en-GB","@id":"https:\/\/hotelcamposol.com\/#\/schema\/logo\/image\/","url":"http:\/\/hotelcamposol.com\/wp-content\/uploads\/2022\/03\/logo-camposol.png","contentUrl":"http:\/\/hotelcamposol.com\/wp-content\/uploads\/2022\/03\/logo-camposol.png","width":458,"height":200,"caption":"Hotel Camposol"},"image":{"@id":"https:\/\/hotelcamposol.com\/#\/schema\/logo\/image\/"}}]}},"_links":{"self":[{"href":"https:\/\/hotelcamposol.com\/en\/wp-json\/wp\/v2\/pages\/226647","targetHints":{"allow":["GET"]}}],"collection":[{"href":"https:\/\/hotelcamposol.com\/en\/wp-json\/wp\/v2\/pages"}],"about":[{"href":"https:\/\/hotelcamposol.com\/en\/wp-json\/wp\/v2\/types\/page"}],"author":[{"embeddable":true,"href":"https:\/\/hotelcamposol.com\/en\/wp-json\/wp\/v2\/users\/1"}],"replies":[{"embeddable":true,"href":"https:\/\/hotelcamposol.com\/en\/wp-json\/wp\/v2\/comments?post=226647"}],"version-history":[{"count":11,"href":"https:\/\/hotelcamposol.com\/en\/wp-json\/wp\/v2\/pages\/226647\/revisions"}],"predecessor-version":[{"id":226736,"href":"https:\/\/hotelcamposol.com\/en\/wp-json\/wp\/v2\/pages\/226647\/revisions\/226736"}],"wp:attachment":[{"href":"https:\/\/hotelcamposol.com\/en\/wp-json\/wp\/v2\/media?parent=226647"}],"curies":[{"name":"wp","href":"https:\/\/api.w.org\/{rel}","templated":true}]}}