{"id":225933,"date":"2022-04-21T10:55:16","date_gmt":"2022-04-21T10:55:16","guid":{"rendered":"http:\/\/hotelcamposol.com\/?page_id=225933"},"modified":"2022-09-20T14:43:55","modified_gmt":"2022-09-20T12:43:55","slug":"politicas-de-privacidad","status":"publish","type":"page","link":"http:\/\/hotelcamposol.com\/en\/politicas-de-privacidad","title":{"rendered":"Privacy policies"},"content":{"rendered":"<div class=\"et_d4_element et_pb_section et_pb_section_0 et_pb_with_background  et_pb_css_mix_blend_mode et_section_regular et_block_section\" >\n\t\t\t\t\n\t\t\t\t\n\t\t\t\t\n\t\t\t\t\n\t\t\t\t\n\t\t\t\t\n\t\t\t\t<div class=\"et_d4_element et_pb_row et_pb_row_0  et_pb_css_mix_blend_mode et_block_row\">\n\t\t\t\t<div class=\"et_d4_element et_pb_column_4_4 et_pb_column et_pb_column_0  et_pb_css_mix_blend_mode et-last-child et_block_column\">\n\t\t\t\t\n\t\t\t\t\n\t\t\t\t\n\t\t\t\t\n\t\t\t\t<div class=\"et_pb_module et_d4_element et_pb_text et_pb_text_0  et_pb_text_align_left et_pb_text_align_center-tablet et_pb_bg_layout_light\">\n\t\t\t\t\n\t\t\t\t\n\t\t\t\t\n\t\t\t\t\n\t\t\t\t<div class=\"et_pb_text_inner\"><p>Privacy policies<\/p><\/div>\n\t\t\t<\/div>\n\t\t\t<\/div>\n\t\t\t\t\n\t\t\t\t\n\t\t\t\t\n\t\t\t\t\n\t\t\t<\/div>\n\t\t\t\t\n\t\t\t\t\n\t\t\t<\/div><div class=\"et_d4_element et_pb_section et_pb_section_1  et_pb_css_mix_blend_mode et_section_regular et_block_section\" >\n\t\t\t\t\n\t\t\t\t\n\t\t\t\t\n\t\t\t\t\n\t\t\t\t\n\t\t\t\t\n\t\t\t\t<div class=\"et_d4_element et_pb_row et_pb_row_1  et_pb_css_mix_blend_mode et_block_row\">\n\t\t\t\t<div class=\"et_d4_element et_pb_column_4_4 et_pb_column et_pb_column_1  et_pb_css_mix_blend_mode et-last-child et_block_column\">\n\t\t\t\t\n\t\t\t\t\n\t\t\t\t\n\t\t\t\t\n\t\t\t\t<div class=\"et_pb_module et_d4_element et_pb_text et_pb_text_1  et_pb_text_align_center et_pb_bg_layout_light\">\n\t\t\t\t\n\t\t\t\t\n\t\t\t\t\n\t\t\t\t\n\t\t\t\t<div class=\"et_pb_text_inner\"><h1>PRIVACY POLICY<\/h1>\n<h3>hotelcamposol.com<\/h3>\n<p>Access to this Website may involve the use of cookies. Cookies are small amounts of information that are stored in the browser used by each User \u2014in the different devices that can be used to navigate\u2014 so that the server remembers certain information that will be read later and only by the server that implemented it. Cookies facilitate navigation, make it more user-friendly, and do not damage the navigation device.<\/p>\n<p>Cookies are automatic procedures for collecting information regarding the preferences determined by the User during his visit to the Website in order to recognize him as a User, and personalize his experience and use of the Website, and can also, for example, help to identify and resolve errors.<\/p>\n<p>The information collected through cookies may include the date and time of visits to the Website, the pages viewed, the time spent on the Website and the sites visited just before and after it. However, no cookie allows it to contact the User's telephone number or any other means of personal contact. No cookie can extract information from the User's hard drive or steal personal information. The only way for the User's private information to be part of the Cookie file is for the User to personally give that information to the server.<\/p>\n<p>Cookies that allow a person to be identified are considered personal data. Therefore, the aforementioned Privacy Policy will apply to them. In this sense, for the use of the same, the consent of the User will be necessary. This consent will be communicated, based on an authentic choice, offered through an affirmative and positive decision, before the initial treatment, removable and documented.<\/p>\n<p>Third party cookies<br \/>They are cookies used and managed by external entities that provide Hotel Camposol with services requested by it to improve the Website and the user experience when browsing the Website. The main objectives for which third-party cookies are used are to obtain access statistics and analyze browsing information, that is, how the User interacts with the Website.<\/p>\n<p>The information obtained refers, for example, to the number of pages visited, the language, the place to which the IP address from which the User accesses, the number of Users who access, the frequency and recurrence of visits, the time of visit, the browser they use, the operator or type of device from which the visit is made. This information is used to improve the Website, and detect new needs to offer Users Content and\/or service of the highest quality. In any case, the information is collected anonymously and Web Site trend reports are prepared without identifying individual users.<\/p>\n<p>You can obtain more information about cookies, information about privacy, or consult the description of the type of cookies used, their main characteristics, expiration period, etc. at the following link(s):<\/p>\n<p>Google Analytics<\/p>\n<p>La(s) entidad(es) encargada(s) del suministro de cookies podr\u00e1(n) ceder esta informaci\u00f3n a terceros, siempre y cuando lo exija la ley o sea un tercero el que procese esta informaci\u00f3n para dichas entidades.<\/p>\n<p>Social network cookies<\/p>\n<p>Hotel Camposol incorpora plugins de redes sociales, que permiten acceder a las mismas a partir del Sitio Web. Por esta raz\u00f3n, las cookies de redes sociales pueden almacenarse en el navegador del Usuario. Los titulares de dichas redes sociales disponen de sus propias pol\u00edticas de protecci\u00f3n de datos y de cookies, siendo ellos mismos, en cada caso, responsables de sus propios ficheros y de sus propias pr\u00e1cticas de privacidad. El Usuario debe referirse a las mismas para informarse acerca de dichas cookies y, en su caso, del tratamiento de sus datos personales. U\u0301nicamente a t\u00edtulo informativo se indican a continuaci\u00f3n los enlaces en los que se pueden consultar dichas pol\u00edticas de privacidad y\/o de cookies:<\/p>\n<p>Facebook: https:\/\/www.facebook.com\/policies\/cookies\/<br \/>Twitter: https:\/\/twitter.com\/es\/privacy<br \/>Instagram: https:\/\/help.instagram.com\/1896641480634370?ref=ig<br \/>YouTube: https:\/\/policies.google.com\/privacy?hl=es-419&amp;gl=mx<br \/>Pinterest: https:\/\/policy.pinterest.com\/es\/privacy-policy<br \/>LinkedIn: https:\/\/www.linkedin.com\/legal\/cookie-policy?trk=hp-cookies<\/p>\n<p>Disable, reject and delete cookies<br \/>The User can disable, reject and delete the cookies -totally or partially- installed on their device by configuring their browser (among which are, for example, Chrome, Firefox, Safari, Explorer). In this sense, the procedures for rejecting and deleting cookies may differ from one Internet browser to another. Consequently, the User must refer to the instructions provided by the Internet browser that he is using. In the event that you reject the use of cookies \u2014totally or partially\u2014 you may continue to use the Website, although the use of some of its features may be limited.<\/p>\n<p>This Cookies Policy document has been created using the online cookie policy template generator on 04\/19\/2022.<\/p><\/div>\n\t\t\t<\/div>\n\t\t\t<\/div>\n\t\t\t\t\n\t\t\t\t\n\t\t\t\t\n\t\t\t\t\n\t\t\t<\/div>\n\t\t\t\t\n\t\t\t\t\n\t\t\t<\/div>","protected":false},"excerpt":{"rendered":"","protected":false},"author":1,"featured_media":0,"parent":0,"menu_order":0,"comment_status":"closed","ping_status":"closed","template":"","meta":{"inline_featured_image":false,"_et_pb_use_builder":"on","_et_pb_old_content":"","_et_gb_content_width":"","footnotes":""},"class_list":["post-225933","page","type-page","status-publish","hentry"],"yoast_head":"<!-- This site is optimized with the Yoast SEO plugin v27.3 - https:\/\/yoast.com\/product\/yoast-seo-wordpress\/ -->\r\n<title>Pol\u00edticas de Privacidad | Hotel Camposol<\/title>\r\n<meta name=\"description\" content=\"Pol\u00edticas de Privacidad del Hotel Campo sol.\" \/>\r\n<meta name=\"robots\" content=\"index, follow, max-snippet:-1, max-image-preview:large, max-video-preview:-1\" \/>\r\n<link rel=\"canonical\" href=\"https:\/\/hotelcamposol.com\/en\/privacy-policies\/\" \/>\r\n<meta property=\"og:locale\" content=\"en_GB\" \/>\r\n<meta property=\"og:type\" content=\"article\" \/>\r\n<meta property=\"og:title\" content=\"Pol\u00edticas de Privacidad | Hotel Camposol\" \/>\r\n<meta property=\"og:description\" content=\"Pol\u00edticas de Privacidad del Hotel Campo sol.\" \/>\r\n<meta property=\"og:url\" content=\"https:\/\/hotelcamposol.com\/en\/privacy-policies\/\" \/>\r\n<meta property=\"og:site_name\" content=\"Hotel Camposol\" \/>\r\n<meta property=\"article:modified_time\" content=\"2022-09-20T12:43:55+00:00\" \/>\r\n<meta property=\"og:image\" content=\"https:\/\/hotelcamposol.com\/wp-content\/uploads\/2022\/03\/logo-camposol.png\" \/>\r\n\t<meta property=\"og:image:width\" content=\"458\" \/>\r\n\t<meta property=\"og:image:height\" content=\"200\" \/>\r\n\t<meta property=\"og:image:type\" content=\"image\/png\" \/>\r\n<meta name=\"twitter:card\" content=\"summary_large_image\" \/>\r\n<meta name=\"twitter:title\" content=\"Pol\u00edticas de Privacidad | Hotel Camposol\" \/>\r\n<meta name=\"twitter:description\" content=\"Pol\u00edticas de Privacidad del Hotel Campo sol.\" \/>\r\n<meta name=\"twitter:image\" content=\"https:\/\/hotelcamposol.com\/wp-content\/uploads\/2022\/03\/logo-camposol.png\" \/>\r\n<meta name=\"twitter:label1\" content=\"Estimated reading time\" \/>\n\t<meta name=\"twitter:data1\" content=\"5 minutes\" \/>\r\n<script type=\"application\/ld+json\" class=\"yoast-schema-graph\">{\"@context\":\"https:\\\/\\\/schema.org\",\"@graph\":[{\"@type\":\"WebPage\",\"@id\":\"https:\\\/\\\/hotelcamposol.com\\\/politicas-de-privacidad\",\"url\":\"https:\\\/\\\/hotelcamposol.com\\\/politicas-de-privacidad\",\"name\":\"Pol\u00edticas de Privacidad | Hotel Camposol\",\"isPartOf\":{\"@id\":\"https:\\\/\\\/hotelcamposol.com\\\/#website\"},\"datePublished\":\"2022-04-21T10:55:16+00:00\",\"dateModified\":\"2022-09-20T12:43:55+00:00\",\"description\":\"Pol\u00edticas de Privacidad del Hotel Campo sol.\",\"breadcrumb\":{\"@id\":\"https:\\\/\\\/hotelcamposol.com\\\/politicas-de-privacidad#breadcrumb\"},\"inLanguage\":\"en-GB\",\"potentialAction\":[{\"@type\":\"ReadAction\",\"target\":[\"https:\\\/\\\/hotelcamposol.com\\\/politicas-de-privacidad\"]}]},{\"@type\":\"BreadcrumbList\",\"@id\":\"https:\\\/\\\/hotelcamposol.com\\\/politicas-de-privacidad#breadcrumb\",\"itemListElement\":[{\"@type\":\"ListItem\",\"position\":1,\"name\":\"Portada\",\"item\":\"https:\\\/\\\/hotelcamposol.com\\\/\"},{\"@type\":\"ListItem\",\"position\":2,\"name\":\"Pol\u00edticas de Privacidad\"}]},{\"@type\":\"WebSite\",\"@id\":\"https:\\\/\\\/hotelcamposol.com\\\/#website\",\"url\":\"https:\\\/\\\/hotelcamposol.com\\\/\",\"name\":\"Hotel Camposol\",\"description\":\"Sol y playa en Benidorm\",\"publisher\":{\"@id\":\"https:\\\/\\\/hotelcamposol.com\\\/#organization\"},\"potentialAction\":[{\"@type\":\"SearchAction\",\"target\":{\"@type\":\"EntryPoint\",\"urlTemplate\":\"https:\\\/\\\/hotelcamposol.com\\\/?s={search_term_string}\"},\"query-input\":{\"@type\":\"PropertyValueSpecification\",\"valueRequired\":true,\"valueName\":\"search_term_string\"}}],\"inLanguage\":\"en-GB\"},{\"@type\":\"Organization\",\"@id\":\"https:\\\/\\\/hotelcamposol.com\\\/#organization\",\"name\":\"Hotel Camposol\",\"url\":\"https:\\\/\\\/hotelcamposol.com\\\/\",\"logo\":{\"@type\":\"ImageObject\",\"inLanguage\":\"en-GB\",\"@id\":\"https:\\\/\\\/hotelcamposol.com\\\/#\\\/schema\\\/logo\\\/image\\\/\",\"url\":\"http:\\\/\\\/hotelcamposol.com\\\/wp-content\\\/uploads\\\/2022\\\/03\\\/logo-camposol.png\",\"contentUrl\":\"http:\\\/\\\/hotelcamposol.com\\\/wp-content\\\/uploads\\\/2022\\\/03\\\/logo-camposol.png\",\"width\":458,\"height\":200,\"caption\":\"Hotel Camposol\"},\"image\":{\"@id\":\"https:\\\/\\\/hotelcamposol.com\\\/#\\\/schema\\\/logo\\\/image\\\/\"}}]}<\/script>\r\n<!-- \/ Yoast SEO plugin. -->","yoast_head_json":{"title":"Pol\u00edticas de Privacidad | Hotel Camposol","description":"Pol\u00edticas de Privacidad del Hotel Campo sol.","robots":{"index":"index","follow":"follow","max-snippet":"max-snippet:-1","max-image-preview":"max-image-preview:large","max-video-preview":"max-video-preview:-1"},"canonical":"https:\/\/hotelcamposol.com\/en\/privacy-policies\/","og_locale":"en_GB","og_type":"article","og_title":"Pol\u00edticas de Privacidad | Hotel Camposol","og_description":"Pol\u00edticas de Privacidad del Hotel Campo sol.","og_url":"https:\/\/hotelcamposol.com\/en\/privacy-policies\/","og_site_name":"Hotel Camposol","article_modified_time":"2022-09-20T12:43:55+00:00","og_image":[{"width":458,"height":200,"url":"https:\/\/hotelcamposol.com\/wp-content\/uploads\/2022\/03\/logo-camposol.png","type":"image\/png"}],"twitter_card":"summary_large_image","twitter_title":"Pol\u00edticas de Privacidad | Hotel Camposol","twitter_description":"Pol\u00edticas de Privacidad del Hotel Campo sol.","twitter_image":"https:\/\/hotelcamposol.com\/wp-content\/uploads\/2022\/03\/logo-camposol.png","twitter_misc":{"Estimated reading time":"5 minutes"},"schema":{"@context":"https:\/\/schema.org","@graph":[{"@type":"WebPage","@id":"https:\/\/hotelcamposol.com\/politicas-de-privacidad","url":"https:\/\/hotelcamposol.com\/politicas-de-privacidad","name":"Pol\u00edticas de Privacidad | Hotel Camposol","isPartOf":{"@id":"https:\/\/hotelcamposol.com\/#website"},"datePublished":"2022-04-21T10:55:16+00:00","dateModified":"2022-09-20T12:43:55+00:00","description":"Pol\u00edticas de Privacidad del Hotel Campo sol.","breadcrumb":{"@id":"https:\/\/hotelcamposol.com\/politicas-de-privacidad#breadcrumb"},"inLanguage":"en-GB","potentialAction":[{"@type":"ReadAction","target":["https:\/\/hotelcamposol.com\/politicas-de-privacidad"]}]},{"@type":"BreadcrumbList","@id":"https:\/\/hotelcamposol.com\/politicas-de-privacidad#breadcrumb","itemListElement":[{"@type":"ListItem","position":1,"name":"Portada","item":"https:\/\/hotelcamposol.com\/"},{"@type":"ListItem","position":2,"name":"Pol\u00edticas de Privacidad"}]},{"@type":"WebSite","@id":"https:\/\/hotelcamposol.com\/#website","url":"https:\/\/hotelcamposol.com\/","name":"Hotel Camposol","description":"Sol y playa en Benidorm","publisher":{"@id":"https:\/\/hotelcamposol.com\/#organization"},"potentialAction":[{"@type":"SearchAction","target":{"@type":"EntryPoint","urlTemplate":"https:\/\/hotelcamposol.com\/?s={search_term_string}"},"query-input":{"@type":"PropertyValueSpecification","valueRequired":true,"valueName":"search_term_string"}}],"inLanguage":"en-GB"},{"@type":"Organization","@id":"https:\/\/hotelcamposol.com\/#organization","name":"Hotel Camposol","url":"https:\/\/hotelcamposol.com\/","logo":{"@type":"ImageObject","inLanguage":"en-GB","@id":"https:\/\/hotelcamposol.com\/#\/schema\/logo\/image\/","url":"http:\/\/hotelcamposol.com\/wp-content\/uploads\/2022\/03\/logo-camposol.png","contentUrl":"http:\/\/hotelcamposol.com\/wp-content\/uploads\/2022\/03\/logo-camposol.png","width":458,"height":200,"caption":"Hotel Camposol"},"image":{"@id":"https:\/\/hotelcamposol.com\/#\/schema\/logo\/image\/"}}]}},"_links":{"self":[{"href":"http:\/\/hotelcamposol.com\/en\/wp-json\/wp\/v2\/pages\/225933","targetHints":{"allow":["GET"]}}],"collection":[{"href":"http:\/\/hotelcamposol.com\/en\/wp-json\/wp\/v2\/pages"}],"about":[{"href":"http:\/\/hotelcamposol.com\/en\/wp-json\/wp\/v2\/types\/page"}],"author":[{"embeddable":true,"href":"http:\/\/hotelcamposol.com\/en\/wp-json\/wp\/v2\/users\/1"}],"replies":[{"embeddable":true,"href":"http:\/\/hotelcamposol.com\/en\/wp-json\/wp\/v2\/comments?post=225933"}],"version-history":[{"count":7,"href":"http:\/\/hotelcamposol.com\/en\/wp-json\/wp\/v2\/pages\/225933\/revisions"}],"predecessor-version":[{"id":226598,"href":"http:\/\/hotelcamposol.com\/en\/wp-json\/wp\/v2\/pages\/225933\/revisions\/226598"}],"wp:attachment":[{"href":"http:\/\/hotelcamposol.com\/en\/wp-json\/wp\/v2\/media?parent=225933"}],"curies":[{"name":"wp","href":"https:\/\/api.w.org\/{rel}","templated":true}]}}