{"id":225111,"date":"2022-04-13T07:21:08","date_gmt":"2022-04-13T07:21:08","guid":{"rendered":"http:\/\/hotelcamposol.com\/?page_id=225111"},"modified":"2025-10-02T11:29:42","modified_gmt":"2025-10-02T09:29:42","slug":"habitaciones","status":"publish","type":"page","link":"http:\/\/hotelcamposol.com\/en\/habitaciones","title":{"rendered":"ROOMS"},"content":{"rendered":"<p><div class=\"et_d4_element et_pb_section et_pb_section_0 et_animated et_pb_with_background  et_pb_css_mix_blend_mode et_section_regular et_block_section\" >\n\t\t\t\t\n\t\t\t\t\n\t\t\t\t\n\t\t\t\t\n\t\t\t\t\n\t\t\t\t\n\t\t\t\t<div class=\"et_d4_element et_pb_row et_pb_row_0  et_pb_css_mix_blend_mode et_block_row\">\n\t\t\t\t<div class=\"et_d4_element et_pb_column_4_4 et_pb_column et_pb_column_0  et_pb_css_mix_blend_mode et-last-child et_block_column\">\n\t\t\t\t\n\t\t\t\t\n\t\t\t\t\n\t\t\t\t\n\t\t\t\t<div class=\"et_pb_module et_d4_element et_pb_text et_pb_text_0  et_pb_text_align_left et_pb_bg_layout_light\">\n\t\t\t\t\n\t\t\t\t\n\t\t\t\t\n\t\t\t\t\n\t\t\t\t<div class=\"et_pb_text_inner\" data-et-multi-view=\"{&quot;schema&quot;:{&quot;content&quot;:{&quot;desktop&quot;:&quot;&lt;h1&gt;Habitaciones&lt;\\\/h1&gt;&quot;,&quot;tablet&quot;:&quot;&lt;p style=\\&quot;text-align: center;\\&quot;&gt;Habitaciones&lt;\\\/p&gt;&quot;},&quot;target&quot;:&quot;&quot;,&quot;hover_selector&quot;:&quot;&quot;},&quot;slug&quot;:&quot;et_pb_text&quot;}\" data-et-multi-view-load-tablet-hidden=\"true\"><h1>ROOMS<\/h1><\/div>\n\t\t\t<\/div><div class=\"et_pb_module et_d4_element et_pb_text et_pb_text_1  et_pb_text_align_left et_pb_bg_layout_light\">\n\t\t\t\t\n\t\t\t\t\n\t\t\t\t\n\t\t\t\t\n\t\t\t\t<div class=\"et_pb_text_inner\" data-et-multi-view=\"{&quot;schema&quot;:{&quot;content&quot;:{&quot;desktop&quot;:&quot;&lt;p&gt;Elija la estancia a su gusto&lt;\\\/p&gt;&quot;,&quot;tablet&quot;:&quot;&lt;p style=\\&quot;text-align: center;\\&quot;&gt;Elija la estancia a su gusto&lt;\\\/p&gt;&quot;},&quot;target&quot;:&quot;&quot;,&quot;hover_selector&quot;:&quot;&quot;},&quot;slug&quot;:&quot;et_pb_text&quot;}\" data-et-multi-view-load-tablet-hidden=\"true\"><p>Choose the stay to your liking<\/p><\/div>\n\t\t\t<\/div>\n\t\t\t<\/div>\n\t\t\t\t\n\t\t\t\t\n\t\t\t\t\n\t\t\t\t\n\t\t\t<\/div>\n\t\t\t\t\n\t\t\t\t\n\t\t\t<\/div><div class=\"et_d4_element et_pb_section et_pb_section_1  et_pb_css_mix_blend_mode et_section_regular et_block_section\" >\n\t\t\t\t\n\t\t\t\t\n\t\t\t\t\n\t\t\t\t\n\t\t\t\t\n\t\t\t\t\n\t\t\t\t<div class=\"et_d4_element et_pb_row et_pb_row_1 et_animated  et_pb_css_mix_blend_mode et_block_row\">\n\t\t\t\t<div class=\"et_d4_element et_pb_column_1_2 et_pb_column et_pb_column_1  et_pb_css_mix_blend_mode et_block_column\">\n\t\t\t\t\n\t\t\t\t\n\t\t\t\t\n\t\t\t\t\n\t\t\t\t<div class=\"et_pb_module et_d4_element et_pb_image et_pb_image_0\">\n\t\t\t\t\n\t\t\t\t\n\t\t\t\t\n\t\t\t\t\n\t\t\t\t<span class=\"et_pb_image_wrap\"><img loading=\"lazy\" decoding=\"async\" width=\"1920\" height=\"1210\" src=\"http:\/\/hotelcamposol.com\/wp-content\/uploads\/2022\/05\/Hotel_Camposol-18-1920x1210-1.jpg\" alt=\"Double room\" title=\"Hotel_Camposol-18-1920x1210\" srcset=\"https:\/\/hotelcamposol.com\/wp-content\/uploads\/2022\/05\/Hotel_Camposol-18-1920x1210-1.jpg 1920w, https:\/\/hotelcamposol.com\/wp-content\/uploads\/2022\/05\/Hotel_Camposol-18-1920x1210-1-980x618.jpg 980w, https:\/\/hotelcamposol.com\/wp-content\/uploads\/2022\/05\/Hotel_Camposol-18-1920x1210-1-480x303.jpg 480w\" sizes=\"(min-width: 0px) and (max-width: 480px) 480px, (min-width: 481px) and (max-width: 980px) 980px, (min-width: 981px) 1920px, 100vw\" class=\"wp-image-226454\" \/><\/span>\n\t\t\t<\/div><div class=\"et_pb_module et_d4_element et_pb_text et_pb_text_2  et_pb_text_align_left et_pb_bg_layout_light\">\n\t\t\t\t\n\t\t\t\t\n\t\t\t\t\n\t\t\t\t\n\t\t\t\t<div class=\"et_pb_text_inner\"><h1>Habitaci\u00f3n doble con terraza<\/h1>\n<h2>2 persons<\/h2>\n<p>Room for two people with one double or two single beds.<\/p>\n<p>Incluye <span data-contrast=\"none\" xml:lang=\"ES-ES\" lang=\"ES-ES\" class=\"TextRun SCXW202411076 BCX8\"><span class=\"NormalTextRun SCXW202411076 BCX8\">aire acondicionado regulable con calor o fr\u00edo, televisi\u00f3n y Wifi gratuito.<\/span><\/span><span class=\"EOP SCXW202411076 BCX8\" data-ccp-props=\"{&quot;134233117&quot;:false,&quot;134233118&quot;:false,&quot;335557856&quot;:16777215,&quot;335559738&quot;:0,&quot;335559739&quot;:0}\">\u00a0<\/span><\/p>\n<h3><\/h3>\n<p>&nbsp;<\/p>\n<p>&nbsp;<\/p><\/div>\n\t\t\t<\/div><div class=\"et_pb_button_module_wrapper et_pb_button_0_wrapper  et_pb_module\">\n\t\t\t\t<a class=\"et_pb_button et_d4_element et_pb_button_0 boton-color et_pb_bg_layout_light et_block_module\" href=\"http:\/\/hotelcamposol.com\/en\/habitacion-doble-terraza\">See room<\/a>\n\t\t\t<\/div>\n\t\t\t<\/div><div class=\"et_d4_element et_pb_column_1_2 et_pb_column et_pb_column_2  et_pb_css_mix_blend_mode et-last-child et_block_column\">\n\t\t\t\t\n\t\t\t\t\n\t\t\t\t\n\t\t\t\t\n\t\t\t\t<div class=\"et_pb_module et_d4_element et_pb_image et_pb_image_1 imageFitCover\">\n\t\t\t\t\n\t\t\t\t\n\t\t\t\t\n\t\t\t\t\n\t\t\t\t<span class=\"et_pb_image_wrap\"><img loading=\"lazy\" decoding=\"async\" width=\"1920\" height=\"2560\" src=\"https:\/\/hotelcamposol.com\/wp-content\/uploads\/2025\/10\/DOBLE-INTERIOR-1920x2560-1.jpeg\" alt=\"Double room\" title=\"DOBLE INTERIOR-1920x2560\" srcset=\"https:\/\/hotelcamposol.com\/wp-content\/uploads\/2025\/10\/DOBLE-INTERIOR-1920x2560-1.jpeg 1920w, https:\/\/hotelcamposol.com\/wp-content\/uploads\/2025\/10\/DOBLE-INTERIOR-1920x2560-1-1280x1707.jpeg 1280w, https:\/\/hotelcamposol.com\/wp-content\/uploads\/2025\/10\/DOBLE-INTERIOR-1920x2560-1-980x1307.jpeg 980w, https:\/\/hotelcamposol.com\/wp-content\/uploads\/2025\/10\/DOBLE-INTERIOR-1920x2560-1-480x640.jpeg 480w\" sizes=\"(min-width: 0px) and (max-width: 480px) 480px, (min-width: 481px) and (max-width: 980px) 980px, (min-width: 981px) and (max-width: 1280px) 1280px, (min-width: 1281px) 1920px, 100vw\" class=\"wp-image-226655\" \/><\/span>\n\t\t\t<\/div><div class=\"et_pb_module et_d4_element et_pb_text et_pb_text_3  et_pb_text_align_left et_pb_bg_layout_light\">\n\t\t\t\t\n\t\t\t\t\n\t\t\t\t\n\t\t\t\t\n\t\t\t\t<div class=\"et_pb_text_inner\"><h1 style=\"white-space: nowrap;\">Habitaci\u00f3n doble interior<\/h1>\n<h2>2 persons<\/h2>\n<p>Room for two people with one double or two single beds.<\/p>\n<p>Incluye aire acondicionado regulable con calor o fr\u00edo, televisi\u00f3n y Wifi gratuito.<\/p>\n<h3><\/h3>\n<p>&nbsp;<\/p>\n<p>&nbsp;<\/p><\/div>\n\t\t\t<\/div><div class=\"et_pb_button_module_wrapper et_pb_button_1_wrapper  et_pb_module\">\n\t\t\t\t<a class=\"et_pb_button et_d4_element et_pb_button_1 boton-color et_pb_bg_layout_light et_block_module\" href=\"http:\/\/hotelcamposol.com\/en\/habitacion-doble-interior\">See room<\/a>\n\t\t\t<\/div>\n\t\t\t<\/div>\n\t\t\t\t\n\t\t\t\t\n\t\t\t\t\n\t\t\t\t\n\t\t\t<\/div><div class=\"et_d4_element et_pb_row et_pb_row_2 et_animated  et_pb_css_mix_blend_mode et_block_row\">\n\t\t\t\t<div class=\"et_d4_element et_pb_column_1_2 et_pb_column et_pb_column_3  et_pb_css_mix_blend_mode et_block_column\">\n\t\t\t\t\n\t\t\t\t\n\t\t\t\t\n\t\t\t\t\n\t\t\t\t<div class=\"et_pb_module et_d4_element et_pb_image et_pb_image_2 imageFitCover\">\n\t\t\t\t\n\t\t\t\t\n\t\t\t\t\n\t\t\t\t\n\t\t\t\t<span class=\"et_pb_image_wrap\"><img loading=\"lazy\" decoding=\"async\" width=\"1920\" height=\"2560\" src=\"https:\/\/hotelcamposol.com\/wp-content\/uploads\/2025\/10\/INDIVIDUAL-TERRAZA-1920x2560-1.jpg\" alt=\"Double room\" title=\"INDIVIDUAL TERRAZA-1920x2560\" srcset=\"https:\/\/hotelcamposol.com\/wp-content\/uploads\/2025\/10\/INDIVIDUAL-TERRAZA-1920x2560-1.jpg 1920w, https:\/\/hotelcamposol.com\/wp-content\/uploads\/2025\/10\/INDIVIDUAL-TERRAZA-1920x2560-1-1280x1707.jpg 1280w, https:\/\/hotelcamposol.com\/wp-content\/uploads\/2025\/10\/INDIVIDUAL-TERRAZA-1920x2560-1-980x1307.jpg 980w, https:\/\/hotelcamposol.com\/wp-content\/uploads\/2025\/10\/INDIVIDUAL-TERRAZA-1920x2560-1-480x640.jpg 480w\" sizes=\"(min-width: 0px) and (max-width: 480px) 480px, (min-width: 481px) and (max-width: 980px) 980px, (min-width: 981px) and (max-width: 1280px) 1280px, (min-width: 1281px) 1920px, 100vw\" class=\"wp-image-226661\" \/><\/span>\n\t\t\t<\/div><div class=\"et_pb_module et_d4_element et_pb_text et_pb_text_4  et_pb_text_align_left et_pb_bg_layout_light\">\n\t\t\t\t\n\t\t\t\t\n\t\t\t\t\n\t\t\t\t\n\t\t\t\t<div class=\"et_pb_text_inner\"><h1>Habitaci\u00f3n individual con terraza<\/h1>\n<h2>1 person<\/h2>\n<p>Room for one person with a single \n<\/br>bed.<\/p>\n<p>Incluye aire acondicionado regulable con calor o fr\u00edo, televisi\u00f3n y Wifi gratuito.<\/p>\n<h3><\/h3>\n<p>&nbsp;<\/p>\n<p>&nbsp;<\/p><\/div>\n\t\t\t<\/div><div class=\"et_pb_button_module_wrapper et_pb_button_2_wrapper  et_pb_module\">\n\t\t\t\t<a class=\"et_pb_button et_d4_element et_pb_button_2 boton-color et_pb_bg_layout_light et_block_module\" href=\"http:\/\/hotelcamposol.com\/en\/habitacion-individual-terraza\">See room<\/a>\n\t\t\t<\/div>\n\t\t\t<\/div><div class=\"et_d4_element et_pb_column_1_2 et_pb_column et_pb_column_4  et_pb_css_mix_blend_mode et-last-child et_block_column\">\n\t\t\t\t\n\t\t\t\t\n\t\t\t\t\n\t\t\t\t\n\t\t\t\t<div class=\"et_pb_module et_d4_element et_pb_image et_pb_image_3 imageFitCover\">\n\t\t\t\t\n\t\t\t\t\n\t\t\t\t\n\t\t\t\t\n\t\t\t\t<span class=\"et_pb_image_wrap\"><img loading=\"lazy\" decoding=\"async\" width=\"1920\" height=\"2560\" src=\"https:\/\/hotelcamposol.com\/wp-content\/uploads\/2025\/10\/INDIVIDUAL-INTERIOR_2-1920x2560-1.jpg\" alt=\"Double room\" title=\"INDIVIDUAL INTERIOR_2-1920x2560\" srcset=\"https:\/\/hotelcamposol.com\/wp-content\/uploads\/2025\/10\/INDIVIDUAL-INTERIOR_2-1920x2560-1.jpg 1920w, https:\/\/hotelcamposol.com\/wp-content\/uploads\/2025\/10\/INDIVIDUAL-INTERIOR_2-1920x2560-1-1280x1707.jpg 1280w, https:\/\/hotelcamposol.com\/wp-content\/uploads\/2025\/10\/INDIVIDUAL-INTERIOR_2-1920x2560-1-980x1307.jpg 980w, https:\/\/hotelcamposol.com\/wp-content\/uploads\/2025\/10\/INDIVIDUAL-INTERIOR_2-1920x2560-1-480x640.jpg 480w\" sizes=\"(min-width: 0px) and (max-width: 480px) 480px, (min-width: 481px) and (max-width: 980px) 980px, (min-width: 981px) and (max-width: 1280px) 1280px, (min-width: 1281px) 1920px, 100vw\" class=\"wp-image-226669\" \/><\/span>\n\t\t\t<\/div><div class=\"et_pb_module et_d4_element et_pb_text et_pb_text_5  et_pb_text_align_left et_pb_bg_layout_light\">\n\t\t\t\t\n\t\t\t\t\n\t\t\t\t\n\t\t\t\t\n\t\t\t\t<div class=\"et_pb_text_inner\"><h1 style=\"white-space: nowrap;\">Habitaci\u00f3n individual interior<\/h1>\n<h2>1 person<\/h2>\n<p>Room for one person with a single \n<\/br>bed.<\/p>\n<p>Incluye aire acondicionado regulable con calor o fr\u00edo, televisi\u00f3n y Wifi gratuito.<\/p>\n<h3><\/h3>\n<p>&nbsp;<\/p>\n<p>&nbsp;<\/p><\/div>\n\t\t\t<\/div><div class=\"et_pb_button_module_wrapper et_pb_button_3_wrapper  et_pb_module\">\n\t\t\t\t<a class=\"et_pb_button et_d4_element et_pb_button_3 boton-color et_pb_bg_layout_light et_block_module\" href=\"http:\/\/hotelcamposol.com\/en\/habitacion-individual-interior\">See room<\/a>\n\t\t\t<\/div>\n\t\t\t<\/div>\n\t\t\t\t\n\t\t\t\t\n\t\t\t\t\n\t\t\t\t\n\t\t\t<\/div><div class=\"et_d4_element et_pb_row et_pb_row_3 et_animated  et_pb_css_mix_blend_mode et_block_row\">\n\t\t\t\t<div class=\"et_d4_element et_pb_column_1_2 et_pb_column et_pb_column_5  et_pb_css_mix_blend_mode et_block_column\">\n\t\t\t\t\n\t\t\t\t\n\t\t\t\t\n\t\t\t\t\n\t\t\t\t<div class=\"et_pb_module et_d4_element et_pb_image et_pb_image_4 imageFitCover\">\n\t\t\t\t\n\t\t\t\t\n\t\t\t\t\n\t\t\t\t\n\t\t\t\t<span class=\"et_pb_image_wrap\"><img loading=\"lazy\" decoding=\"async\" width=\"1920\" height=\"2560\" src=\"https:\/\/hotelcamposol.com\/wp-content\/uploads\/2025\/10\/DOBLE-INTERIOR_2-1920x2560-1.jpg\" alt=\"Double room\" title=\"DOBLE INTERIOR_2-1920x2560\" srcset=\"https:\/\/hotelcamposol.com\/wp-content\/uploads\/2025\/10\/DOBLE-INTERIOR_2-1920x2560-1.jpg 1920w, https:\/\/hotelcamposol.com\/wp-content\/uploads\/2025\/10\/DOBLE-INTERIOR_2-1920x2560-1-1280x1707.jpg 1280w, https:\/\/hotelcamposol.com\/wp-content\/uploads\/2025\/10\/DOBLE-INTERIOR_2-1920x2560-1-980x1307.jpg 980w, https:\/\/hotelcamposol.com\/wp-content\/uploads\/2025\/10\/DOBLE-INTERIOR_2-1920x2560-1-480x640.jpg 480w\" sizes=\"(min-width: 0px) and (max-width: 480px) 480px, (min-width: 481px) and (max-width: 980px) 980px, (min-width: 981px) and (max-width: 1280px) 1280px, (min-width: 1281px) 1920px, 100vw\" class=\"wp-image-226656\" \/><\/span>\n\t\t\t<\/div><div class=\"et_pb_module et_d4_element et_pb_text et_pb_text_6  et_pb_text_align_left et_pb_bg_layout_light\">\n\t\t\t\t\n\t\t\t\t\n\t\t\t\t\n\t\t\t\t\n\t\t\t\t<div class=\"et_pb_text_inner\"><h1>Habitaci\u00f3n doble uso individual<\/h1>\n<h2>1 person<\/h2>\n<p>Room for one person with a single \n<\/br>bed.<\/p>\n<p>Incluye <span data-contrast=\"none\" xml:lang=\"ES-ES\" lang=\"ES-ES\" class=\"TextRun SCXW45492307 BCX8\"><span class=\"NormalTextRun SCXW45492307 BCX8\">aire acondicionado regulable con calor o fr\u00edo, televisi\u00f3n y Wifi gratuito.<\/span><\/span><\/p>\n<h3><\/h3>\n<p>&nbsp;<\/p>\n<p>&nbsp;<\/p><\/div>\n\t\t\t<\/div><div class=\"et_pb_button_module_wrapper et_pb_button_4_wrapper  et_pb_module\">\n\t\t\t\t<a class=\"et_pb_button et_d4_element et_pb_button_4 boton-color et_pb_bg_layout_light et_block_module\" href=\"http:\/\/hotelcamposol.com\/en\/habitacion-doble-interior-de-uso-individual\">See room<\/a>\n\t\t\t<\/div>\n\t\t\t<\/div><div class=\"et_d4_element et_pb_column_1_2 et_pb_column et_pb_column_6  et_pb_css_mix_blend_mode et-last-child et_block_column et_pb_column_empty\">\n\t\t\t\t\n\t\t\t\t\n\t\t\t\t\n\t\t\t\t\n\t\t\t\t\n\t\t\t<\/div>\n\t\t\t\t\n\t\t\t\t\n\t\t\t\t\n\t\t\t\t\n\t\t\t<\/div>\n\t\t\t\t\n\t\t\t\t\n\t\t\t<\/div><div class=\"et_d4_element et_pb_section et_pb_section_3 et_animated et_pb_with_background  et_pb_css_mix_blend_mode et_section_regular et_block_section\" >\n\t\t\t\t\n\t\t\t\t\n\t\t\t\t\n\t\t\t\t\n\t\t\t\t\n\t\t\t\t\n\t\t\t\t<div class=\"et_d4_element et_pb_row et_pb_row_4 et_animated et_pb_gutters1  et_pb_css_mix_blend_mode et_block_row\">\n\t\t\t\t<div class=\"et_d4_element et_pb_column_1_4 et_pb_column et_pb_column_7  et_pb_css_mix_blend_mode et_block_column\">\n\t\t\t\t\n\t\t\t\t\n\t\t\t\t\n\t\t\t\t\n\t\t\t\t<div class=\"et_pb_module et_d4_element et_pb_icon et_pb_icon_0\">\n\t\t\t\t<span class=\"et_pb_icon_wrap\"><span class=\"et-pb-icon\">\uf0e0<\/span><\/span>\n\t\t\t<\/div>\n\t\t\t<\/div><div class=\"et_d4_element et_pb_column_1_4 et_pb_column et_pb_column_8  et_pb_css_mix_blend_mode et_block_column\">\n\t\t\t\t\n\t\t\t\t\n\t\t\t\t\n\t\t\t\t\n\t\t\t\t<div class=\"et_pb_module et_d4_element et_pb_text et_pb_text_7  et_pb_text_align_left et_pb_bg_layout_light\">\n\t\t\t\t\n\t\t\t\t\n\t\t\t\t\n\t\t\t\t\n\t\t\t\t<div class=\"et_pb_text_inner\" data-et-multi-view=\"{&quot;schema&quot;:{&quot;content&quot;:{&quot;desktop&quot;:&quot;&lt;h1 style=\\&quot;text-align: left;\\&quot;&gt;Cons\\u00faltanos lo que necesites&lt;\\\/h1&gt;&quot;,&quot;phone&quot;:&quot;&lt;h1 style=\\&quot;text-align: center;\\&quot;&gt;Cons\\u00faltanos lo que necesites&lt;\\\/h1&gt;&quot;},&quot;target&quot;:&quot;&quot;,&quot;hover_selector&quot;:&quot;&quot;},&quot;slug&quot;:&quot;et_pb_text&quot;}\" data-et-multi-view-load-phone-hidden=\"true\"><h1 style=\"text-align: left;\">Ask us what you need<\/h1><\/div>\n\t\t\t<\/div>\n\t\t\t<\/div><div class=\"et_d4_element et_pb_column_1_2 et_pb_column et_pb_column_9  et_pb_css_mix_blend_mode et-last-child et_block_column\">\n\t\t\t\t\n\t\t\t\t\n\t\t\t\t\n\t\t\t\t\n\t\t\t\t\n\t\t\t<div id=\"et_pb_contact_form_0\" class=\"et_pb_module et_d4_element et_pb_contact_form_0 et_pb_recaptcha_enabled et_pb_contact_form_container clearfix et_block_module\" data-form_unique_num=\"0\" data-form_unique_id=\"9be9775a-c8eb-4d43-99cd-d8268cd24048\">\n\t\t\t\t\n\t\t\t\t\n\t\t\t\t\n\t\t\t\t\n\t\t\t\t\n\t\t\t\t<div class=\"et-pb-contact-message\"><\/div>\n\t\t\t\t\n\t\t\t\t<div class=\"et_pb_contact\">\n\t\t\t\t\t<form class=\"et_pb_contact_form clearfix\" method=\"post\" action=\"http:\/\/hotelcamposol.com\/en\/wp-json\/wp\/v2\/pages\/225111\" data-trp-original-action=\"http:\/\/hotelcamposol.com\/en\/wp-json\/wp\/v2\/pages\/225111\">\n\t\t\t\t\t\t<p class=\"et_pb_with_border et_d4_element et_pb_contact_field et_pb_contact_field_0  et_pb_text_align_left et_pb_contact_field_last\" data-id=\"email\" data-type=\"email\">\n\t\t\t\t\n\t\t\t\t\n\t\t\t\t\n\t\t\t\t\n\t\t\t\t<label for=\"et_pb_contact_email_0\" class=\"et_pb_contact_form_label\">Email address<\/label>\n\t\t\t\t<input type=\"text\" id=\"et_pb_contact_email_0\" class=\"input\" value=\"\" name=\"et_pb_contact_email_0\" data-required_mark=\"required\" data-field_type=\"email\" data-original_id=\"email\" placeholder=\"Email address\">\n\t\t\t<\/p><p class=\"et_pb_with_border et_d4_element et_pb_contact_field et_pb_contact_field_1  et_pb_text_align_left et_pb_contact_field_last\" data-id=\"message\" data-type=\"text\">\n\t\t\t\t\n\t\t\t\t\n\t\t\t\t\n\t\t\t\t\n\t\t\t\t<label for=\"et_pb_contact_message_0\" class=\"et_pb_contact_form_label\">Message<\/label>\n\t\t\t\t<textarea name=\"et_pb_contact_message_0\" id=\"et_pb_contact_message_0\" class=\"et_pb_contact_message input\" data-required_mark=\"required\" data-field_type=\"text\" data-original_id=\"message\" placeholder=\"Message\"><\/textarea>\n\t\t\t<\/p>\n\t\t\t\t\t\t<input type=\"hidden\" value=\"et_contact_proccess\" name=\"et_pb_contactform_submit_0\"\/>\n\t\t\t\t\t\t<div class=\"et_contact_bottom_container\">\n\t\t\t\t\t\t\t\n\t\t\t\t\t\t\t<button type=\"submit\" name=\"et_builder_submit_button\" class=\"et_pb_contact_submit et_pb_button\">SEND<\/button>\n\t\t\t\t\t\t<\/div>\n\t\t\t\t\t\t<input type=\"hidden\" id=\"_wpnonce-et-pb-contact-form-submitted-0\" name=\"_wpnonce-et-pb-contact-form-submitted-0\" value=\"6785474567\" \/><input type=\"hidden\" name=\"_wp_http_referer\" value=\"\/en\/wp-json\/wp\/v2\/pages\/225111\" \/>\n\t\t\t\t\t<input type=\"hidden\" name=\"trp-form-language\" value=\"en\"\/><\/form>\n\t\t\t\t<\/div>\n\t\t\t<\/div>\n\t\t\t\n\t\t\t<\/div>\n\t\t\t\t\n\t\t\t\t\n\t\t\t\t\n\t\t\t\t\n\t\t\t<\/div>\n\t\t\t\t\n\t\t\t\t\n\t\t\t<\/div><\/p>","protected":false},"excerpt":{"rendered":"","protected":false},"author":1,"featured_media":0,"parent":0,"menu_order":0,"comment_status":"closed","ping_status":"closed","template":"","meta":{"inline_featured_image":false,"_et_pb_use_builder":"on","_et_pb_old_content":"","_et_gb_content_width":"","footnotes":""},"class_list":["post-225111","page","type-page","status-publish","hentry"],"yoast_head":"<!-- This site is optimized with the Yoast SEO plugin v27.6 - https:\/\/yoast.com\/product\/yoast-seo-wordpress\/ -->\r\n<title>Habitaciones | Hotel Camposol<\/title>\r\n<meta name=\"description\" content=\"Todas las habitaciones est\u00e1n equipadas con aire acondicionado, televisi\u00f3n, armario ropero, tel\u00e9fono que conecta con recepci\u00f3n, y mucho m\u00e1s.\" \/>\r\n<meta name=\"robots\" content=\"index, follow, max-snippet:-1, max-image-preview:large, max-video-preview:-1\" \/>\r\n<link rel=\"canonical\" href=\"https:\/\/hotelcamposol.com\/en\/rooms\/\" \/>\r\n<meta property=\"og:locale\" content=\"en_GB\" \/>\r\n<meta property=\"og:type\" content=\"article\" \/>\r\n<meta property=\"og:title\" content=\"Habitaciones | Hotel Camposol\" \/>\r\n<meta property=\"og:description\" content=\"Las habitaciones y suites cuidadosamente dise\u00f1adas son espaciosas y c\u00f3modas.\" \/>\r\n<meta property=\"og:url\" content=\"https:\/\/hotelcamposol.com\/en\/rooms\/\" \/>\r\n<meta property=\"og:site_name\" content=\"Hotel Camposol\" \/>\r\n<meta property=\"article:modified_time\" content=\"2025-10-02T09:29:42+00:00\" \/>\r\n<meta property=\"og:image\" content=\"https:\/\/hotelcamposol.com\/wp-content\/uploads\/2022\/03\/logo-camposol.png\" \/>\r\n\t<meta property=\"og:image:width\" content=\"458\" \/>\r\n\t<meta property=\"og:image:height\" content=\"200\" \/>\r\n\t<meta property=\"og:image:type\" content=\"image\/png\" \/>\r\n<meta name=\"twitter:card\" content=\"summary_large_image\" \/>\r\n<meta name=\"twitter:title\" content=\"Habitaciones | Hotel Camposol\" \/>\r\n<meta name=\"twitter:description\" content=\"Las habitaciones y suites cuidadosamente dise\u00f1adas son espaciosas y c\u00f3modas.\" \/>\r\n<meta name=\"twitter:image\" content=\"https:\/\/hotelcamposol.com\/wp-content\/uploads\/2022\/03\/logo-camposol.png\" \/>\r\n<meta name=\"twitter:label1\" content=\"Estimated reading time\" \/>\n\t<meta name=\"twitter:data1\" content=\"3 minutes\" \/>\r\n<script type=\"application\/ld+json\" class=\"yoast-schema-graph\">{\"@context\":\"https:\\\/\\\/schema.org\",\"@graph\":[{\"@type\":\"WebPage\",\"@id\":\"https:\\\/\\\/hotelcamposol.com\\\/habitaciones\",\"url\":\"https:\\\/\\\/hotelcamposol.com\\\/habitaciones\",\"name\":\"Habitaciones | Hotel Camposol\",\"isPartOf\":{\"@id\":\"https:\\\/\\\/hotelcamposol.com\\\/#website\"},\"datePublished\":\"2022-04-13T07:21:08+00:00\",\"dateModified\":\"2025-10-02T09:29:42+00:00\",\"description\":\"Todas las habitaciones est\u00e1n equipadas con aire acondicionado, televisi\u00f3n, armario ropero, tel\u00e9fono que conecta con recepci\u00f3n, y mucho m\u00e1s.\",\"breadcrumb\":{\"@id\":\"https:\\\/\\\/hotelcamposol.com\\\/habitaciones#breadcrumb\"},\"inLanguage\":\"en-GB\",\"potentialAction\":[{\"@type\":\"ReadAction\",\"target\":[\"https:\\\/\\\/hotelcamposol.com\\\/habitaciones\"]}]},{\"@type\":\"BreadcrumbList\",\"@id\":\"https:\\\/\\\/hotelcamposol.com\\\/habitaciones#breadcrumb\",\"itemListElement\":[{\"@type\":\"ListItem\",\"position\":1,\"name\":\"Portada\",\"item\":\"https:\\\/\\\/hotelcamposol.com\\\/\"},{\"@type\":\"ListItem\",\"position\":2,\"name\":\"Habitaciones\"}]},{\"@type\":\"WebSite\",\"@id\":\"https:\\\/\\\/hotelcamposol.com\\\/#website\",\"url\":\"https:\\\/\\\/hotelcamposol.com\\\/\",\"name\":\"Hotel Camposol\",\"description\":\"Sol y playa en Benidorm\",\"publisher\":{\"@id\":\"https:\\\/\\\/hotelcamposol.com\\\/#organization\"},\"potentialAction\":[{\"@type\":\"SearchAction\",\"target\":{\"@type\":\"EntryPoint\",\"urlTemplate\":\"https:\\\/\\\/hotelcamposol.com\\\/?s={search_term_string}\"},\"query-input\":{\"@type\":\"PropertyValueSpecification\",\"valueRequired\":true,\"valueName\":\"search_term_string\"}}],\"inLanguage\":\"en-GB\"},{\"@type\":\"Organization\",\"@id\":\"https:\\\/\\\/hotelcamposol.com\\\/#organization\",\"name\":\"Hotel Camposol\",\"url\":\"https:\\\/\\\/hotelcamposol.com\\\/\",\"logo\":{\"@type\":\"ImageObject\",\"inLanguage\":\"en-GB\",\"@id\":\"https:\\\/\\\/hotelcamposol.com\\\/#\\\/schema\\\/logo\\\/image\\\/\",\"url\":\"http:\\\/\\\/hotelcamposol.com\\\/wp-content\\\/uploads\\\/2022\\\/03\\\/logo-camposol.png\",\"contentUrl\":\"http:\\\/\\\/hotelcamposol.com\\\/wp-content\\\/uploads\\\/2022\\\/03\\\/logo-camposol.png\",\"width\":458,\"height\":200,\"caption\":\"Hotel Camposol\"},\"image\":{\"@id\":\"https:\\\/\\\/hotelcamposol.com\\\/#\\\/schema\\\/logo\\\/image\\\/\"}}]}<\/script>\r\n<!-- \/ Yoast SEO plugin. -->","yoast_head_json":{"title":"Rooms | Hotel Camposol","description":"All rooms are equipped with air conditioning, television, closet, telephone with connection to reception, and much more.","robots":{"index":"index","follow":"follow","max-snippet":"max-snippet:-1","max-image-preview":"max-image-preview:large","max-video-preview":"max-video-preview:-1"},"canonical":"https:\/\/hotelcamposol.com\/en\/rooms\/","og_locale":"en_GB","og_type":"article","og_title":"Habitaciones | Hotel Camposol","og_description":"Las habitaciones y suites cuidadosamente dise\u00f1adas son espaciosas y c\u00f3modas.","og_url":"https:\/\/hotelcamposol.com\/en\/rooms\/","og_site_name":"Hotel Camposol","article_modified_time":"2025-10-02T09:29:42+00:00","og_image":[{"width":458,"height":200,"url":"https:\/\/hotelcamposol.com\/wp-content\/uploads\/2022\/03\/logo-camposol.png","type":"image\/png"}],"twitter_card":"summary_large_image","twitter_title":"Habitaciones | Hotel Camposol","twitter_description":"Las habitaciones y suites cuidadosamente dise\u00f1adas son espaciosas y c\u00f3modas.","twitter_image":"https:\/\/hotelcamposol.com\/wp-content\/uploads\/2022\/03\/logo-camposol.png","twitter_misc":{"Estimated reading time":"3 minutes"},"schema":{"@context":"https:\/\/schema.org","@graph":[{"@type":"WebPage","@id":"https:\/\/hotelcamposol.com\/habitaciones","url":"https:\/\/hotelcamposol.com\/habitaciones","name":"Rooms | Hotel Camposol","isPartOf":{"@id":"https:\/\/hotelcamposol.com\/#website"},"datePublished":"2022-04-13T07:21:08+00:00","dateModified":"2025-10-02T09:29:42+00:00","description":"All rooms are equipped with air conditioning, television, closet, telephone with connection to reception, and much more.","breadcrumb":{"@id":"https:\/\/hotelcamposol.com\/habitaciones#breadcrumb"},"inLanguage":"en-GB","potentialAction":[{"@type":"ReadAction","target":["https:\/\/hotelcamposol.com\/habitaciones"]}]},{"@type":"BreadcrumbList","@id":"https:\/\/hotelcamposol.com\/habitaciones#breadcrumb","itemListElement":[{"@type":"ListItem","position":1,"name":"Portada","item":"https:\/\/hotelcamposol.com\/"},{"@type":"ListItem","position":2,"name":"Habitaciones"}]},{"@type":"WebSite","@id":"https:\/\/hotelcamposol.com\/#website","url":"https:\/\/hotelcamposol.com\/","name":"Hotel Camposol","description":"Sol y playa en Benidorm","publisher":{"@id":"https:\/\/hotelcamposol.com\/#organization"},"potentialAction":[{"@type":"SearchAction","target":{"@type":"EntryPoint","urlTemplate":"https:\/\/hotelcamposol.com\/?s={search_term_string}"},"query-input":{"@type":"PropertyValueSpecification","valueRequired":true,"valueName":"search_term_string"}}],"inLanguage":"en-GB"},{"@type":"Organization","@id":"https:\/\/hotelcamposol.com\/#organization","name":"Hotel Camposol","url":"https:\/\/hotelcamposol.com\/","logo":{"@type":"ImageObject","inLanguage":"en-GB","@id":"https:\/\/hotelcamposol.com\/#\/schema\/logo\/image\/","url":"http:\/\/hotelcamposol.com\/wp-content\/uploads\/2022\/03\/logo-camposol.png","contentUrl":"http:\/\/hotelcamposol.com\/wp-content\/uploads\/2022\/03\/logo-camposol.png","width":458,"height":200,"caption":"Hotel Camposol"},"image":{"@id":"https:\/\/hotelcamposol.com\/#\/schema\/logo\/image\/"}}]}},"_links":{"self":[{"href":"http:\/\/hotelcamposol.com\/en\/wp-json\/wp\/v2\/pages\/225111","targetHints":{"allow":["GET"]}}],"collection":[{"href":"http:\/\/hotelcamposol.com\/en\/wp-json\/wp\/v2\/pages"}],"about":[{"href":"http:\/\/hotelcamposol.com\/en\/wp-json\/wp\/v2\/types\/page"}],"author":[{"embeddable":true,"href":"http:\/\/hotelcamposol.com\/en\/wp-json\/wp\/v2\/users\/1"}],"replies":[{"embeddable":true,"href":"http:\/\/hotelcamposol.com\/en\/wp-json\/wp\/v2\/comments?post=225111"}],"version-history":[{"count":121,"href":"http:\/\/hotelcamposol.com\/en\/wp-json\/wp\/v2\/pages\/225111\/revisions"}],"predecessor-version":[{"id":226732,"href":"http:\/\/hotelcamposol.com\/en\/wp-json\/wp\/v2\/pages\/225111\/revisions\/226732"}],"wp:attachment":[{"href":"http:\/\/hotelcamposol.com\/en\/wp-json\/wp\/v2\/media?parent=225111"}],"curies":[{"name":"wp","href":"https:\/\/api.w.org\/{rel}","templated":true}]}}